{"id":17,"date":"2023-03-16T14:27:28","date_gmt":"2023-03-16T14:27:28","guid":{"rendered":"http:\/\/agencialiderdigital.dev.br\/projetos\/bendo-abertura\/?page_id=17"},"modified":"2023-03-20T20:28:20","modified_gmt":"2023-03-20T20:28:20","slug":"contato","status":"publish","type":"page","link":"https:\/\/agencialiderdigital.dev.br\/projetos\/bendo-abertura\/contato\/","title":{"rendered":"contato"},"content":{"rendered":"\t\t<div data-elementor-type=\"wp-page\" data-elementor-id=\"17\" class=\"elementor elementor-17\">\n\t\t\t\t\t\t\t<div class=\"elementor-element elementor-element-4ad8815 e-con-boxed e-con\" data-id=\"4ad8815\" data-element_type=\"container\" data-settings=\"{&quot;background_background&quot;:&quot;classic&quot;,&quot;content_width&quot;:&quot;boxed&quot;}\">\n\t\t\t\t\t<div class=\"e-con-inner\">\n\t\t\t\t\t<\/div>\n\t\t\t\t<\/div>\n\t\t<div class=\"elementor-element elementor-element-a9053ac e-con-boxed e-con\" data-id=\"a9053ac\" data-element_type=\"container\" data-settings=\"{&quot;content_width&quot;:&quot;boxed&quot;}\">\n\t\t\t\t\t<div class=\"e-con-inner\">\n\t\t<div class=\"elementor-element elementor-element-22288a2 e-con-full e-con\" data-id=\"22288a2\" data-element_type=\"container\" data-settings=\"{&quot;content_width&quot;:&quot;full&quot;}\">\n\t\t\t\t<div class=\"elementor-element elementor-element-39d19f5 elementor-button-align-start elementor-widget elementor-widget-form\" data-id=\"39d19f5\" data-element_type=\"widget\" data-settings=\"{&quot;step_next_label&quot;:&quot;Next&quot;,&quot;step_previous_label&quot;:&quot;Previous&quot;,&quot;button_width&quot;:&quot;100&quot;,&quot;step_type&quot;:&quot;number_text&quot;,&quot;step_icon_shape&quot;:&quot;circle&quot;}\" data-widget_type=\"form.default\">\n\t\t\t\t<div class=\"elementor-widget-container\">\n\t\t\t\t\t<form class=\"elementor-form\" method=\"post\" name=\"New Form\">\n\t\t\t<input type=\"hidden\" name=\"post_id\" value=\"17\"\/>\n\t\t\t<input type=\"hidden\" name=\"form_id\" value=\"39d19f5\"\/>\n\t\t\t<input type=\"hidden\" name=\"referer_title\" value=\"Bendo Distribuidora\" \/>\n\n\t\t\t\n\t\t\t<div class=\"elementor-form-fields-wrapper elementor-labels-above\">\n\t\t\t\t\t\t\t\t<div class=\"elementor-field-type-text elementor-field-group elementor-column elementor-field-group-name elementor-col-100 elementor-field-required\">\n\t\t\t\t\t\t\t\t\t\t\t\t<label for=\"form-field-name\" class=\"elementor-field-label\">\n\t\t\t\t\t\t\t\tNome\t\t\t\t\t\t\t<\/label>\n\t\t\t\t\t\t\t\t\t\t\t\t\t\t<input size=\"1\" type=\"text\" name=\"form_fields[name]\" id=\"form-field-name\" class=\"elementor-field elementor-size-sm  elementor-field-textual\" required=\"required\" aria-required=\"true\">\n\t\t\t\t\t\t\t\t\t\t\t<\/div>\n\t\t\t\t\t\t\t\t<div class=\"elementor-field-type-text elementor-field-group elementor-column elementor-field-group-telefone elementor-col-100 elementor-field-required\">\n\t\t\t\t\t\t\t\t\t\t\t\t<label for=\"form-field-telefone\" class=\"elementor-field-label\">\n\t\t\t\t\t\t\t\tTelefone\t\t\t\t\t\t\t<\/label>\n\t\t\t\t\t\t\t\t\t\t\t\t\t\t<input size=\"1\" type=\"text\" name=\"form_fields[telefone]\" id=\"form-field-telefone\" class=\"elementor-field elementor-size-sm  elementor-field-textual\" required=\"required\" aria-required=\"true\">\n\t\t\t\t\t\t\t\t\t\t\t<\/div>\n\t\t\t\t\t\t\t\t<div class=\"elementor-field-type-email elementor-field-group elementor-column elementor-field-group-field_f4cd5ef elementor-col-100 elementor-field-required\">\n\t\t\t\t\t\t\t\t\t\t\t\t<label for=\"form-field-field_f4cd5ef\" class=\"elementor-field-label\">\n\t\t\t\t\t\t\t\tEmail\t\t\t\t\t\t\t<\/label>\n\t\t\t\t\t\t\t\t\t\t\t\t\t\t<input size=\"1\" type=\"email\" name=\"form_fields[field_f4cd5ef]\" id=\"form-field-field_f4cd5ef\" class=\"elementor-field elementor-size-sm  elementor-field-textual\" required=\"required\" aria-required=\"true\">\n\t\t\t\t\t\t\t\t\t\t\t<\/div>\n\t\t\t\t\t\t\t\t<div class=\"elementor-field-type-select elementor-field-group elementor-column elementor-field-group-field_f3628e9 elementor-col-100 elementor-field-required\">\n\t\t\t\t\t\t\t\t\t\t\t\t<label for=\"form-field-field_f3628e9\" class=\"elementor-field-label\">\n\t\t\t\t\t\t\t\tTipo de servi\u00e7o\t\t\t\t\t\t\t<\/label>\n\t\t\t\t\t\t\t\t<div class=\"elementor-field elementor-select-wrapper remove-before \">\n\t\t\t<div class=\"select-caret-down-wrapper\">\n\t\t\t\t<i aria-hidden=\"true\" class=\"eicon-caret-down\"><\/i>\t\t\t<\/div>\n\t\t\t<select name=\"form_fields[field_f3628e9]\" id=\"form-field-field_f3628e9\" class=\"elementor-field-textual elementor-size-sm\" required=\"required\" aria-required=\"true\">\n\t\t\t\t\t\t\t\t\t<option value=\"Selecionar\">Selecionar<\/option>\n\t\t\t\t\t\t\t<\/select>\n\t\t<\/div>\n\t\t\t\t\t\t<\/div>\n\t\t\t\t\t\t\t\t<div class=\"elementor-field-type-textarea elementor-field-group elementor-column elementor-field-group-field_ea5101d elementor-col-100 elementor-field-required\">\n\t\t\t\t\t\t\t\t\t\t\t\t<label for=\"form-field-field_ea5101d\" class=\"elementor-field-label\">\n\t\t\t\t\t\t\t\tDescri\u00e7\u00e3o do Servi\u00e7o\t\t\t\t\t\t\t<\/label>\n\t\t\t\t\t\t<textarea class=\"elementor-field-textual elementor-field  elementor-size-sm\" name=\"form_fields[field_ea5101d]\" id=\"form-field-field_ea5101d\" rows=\"4\" required=\"required\" aria-required=\"true\"><\/textarea>\t\t\t\t<\/div>\n\t\t\t\t\t\t\t\t<div class=\"elementor-field-group elementor-column elementor-field-type-submit elementor-col-100 e-form__buttons\">\n\t\t\t\t\t<button type=\"submit\" class=\"elementor-button elementor-size-sm\">\n\t\t\t\t\t\t<span >\n\t\t\t\t\t\t\t\t\t\t\t\t\t\t\t<span class=\" elementor-button-icon\">\n\t\t\t\t\t\t\t\t\t\t\t\t\t\t\t\t\t\t\t\t\t\t\t\t\t\t<\/span>\n\t\t\t\t\t\t\t\t\t\t\t\t\t\t\t\t\t\t\t\t\t\t<span class=\"elementor-button-text\">Enviar<\/span>\n\t\t\t\t\t\t\t\t\t\t\t\t\t<\/span>\n\t\t\t\t\t<\/button>\n\t\t\t\t<\/div>\n\t\t\t<\/div>\n\t\t<\/form>\n\t\t\t\t<\/div>\n\t\t\t\t<\/div>\n\t\t\t\t<div class=\"elementor-element elementor-element-b62eb17 elementor-widget elementor-widget-html\" data-id=\"b62eb17\" data-element_type=\"widget\" data-widget_type=\"html.default\">\n\t\t\t\t<div class=\"elementor-widget-container\">\n\t\t\t<script type=\"text\/javascript\">\r\n\r\nfunction mask(o,f){\r\n    v_obj=o\r\n    v_fun=f\r\n    setTimeout(\"execmask()\",1)\r\n}\r\n\r\nfunction execmask(){\r\n    v_obj.value=v_fun(v_obj.value)\r\n}\r\n\r\nfunction masktel(v){\r\n    v=v.replace(\/\\D\/g,\"\");\r\n    v=v.replace(\/^(\\d{2})(\\d)\/g,\"($1) $2\");\r\n    v=v.replace(\/(\\d)(\\d{4})$\/,\"$1-$2\");\r\n    return v;\r\n}\r\n\r\n\r\nfunction idcss( el ){\r\n\treturn document.getElementById( el );\r\n}\r\n\r\nwindow.onload = function(){\r\n    \r\n    idcss('form-field-telefone').setAttribute('maxlength', 15);\r\n\tidcss('form-field-telefone').onkeypress = function(){\r\n\t\tmask( this, masktel );\r\n\t}\r\n}\r\n<\/script>\r\n\t\t<\/div>\n\t\t\t\t<\/div>\n\t\t\t\t<\/div>\n\t\t<div class=\"elementor-element elementor-element-4263339 e-con-full e-con\" data-id=\"4263339\" data-element_type=\"container\" data-settings=\"{&quot;content_width&quot;:&quot;full&quot;}\">\n\t\t\t\t<div class=\"elementor-element elementor-element-d90d849 elementor-widget__width-inherit elementor-widget elementor-widget-heading\" data-id=\"d90d849\" data-element_type=\"widget\" data-widget_type=\"heading.default\">\n\t\t\t\t<div class=\"elementor-widget-container\">\n\t\t\t<h2 class=\"elementor-heading-title elementor-size-default\">Onde Estamos<\/h2>\t\t<\/div>\n\t\t\t\t<\/div>\n\t\t\t\t<div class=\"elementor-element elementor-element-14f2c01 elementor-widget elementor-widget-google_maps\" data-id=\"14f2c01\" data-element_type=\"widget\" data-widget_type=\"google_maps.default\">\n\t\t\t\t<div class=\"elementor-widget-container\">\n\t\t\t\t\t<div class=\"elementor-custom-embed\">\n\t\t\t<iframe loading=\"lazy\"\n\t\t\t\t\tsrc=\"https:\/\/maps.google.com\/maps?q=London%20Eye%2C%20Londres%2C%20Reino%20Unido&#038;t=m&#038;z=10&#038;output=embed&#038;iwloc=near\"\n\t\t\t\t\ttitle=\"London Eye, Londres, Reino Unido\"\n\t\t\t\t\taria-label=\"London Eye, Londres, Reino Unido\"\n\t\t\t><\/iframe>\n\t\t<\/div>\n\t\t\t\t<\/div>\n\t\t\t\t<\/div>\n\t\t\t\t<div class=\"elementor-element elementor-element-104123a elementor-widget__width-inherit elementor-widget elementor-widget-heading\" data-id=\"104123a\" data-element_type=\"widget\" data-widget_type=\"heading.default\">\n\t\t\t\t<div class=\"elementor-widget-container\">\n\t\t\t<h2 class=\"elementor-heading-title elementor-size-default\">Siga-nos nas redes sociais<\/h2>\t\t<\/div>\n\t\t\t\t<\/div>\n\t\t\t\t<div class=\"elementor-element elementor-element-c593824 elementor-widget elementor-widget-image\" data-id=\"c593824\" data-element_type=\"widget\" data-widget_type=\"image.default\">\n\t\t\t\t<div class=\"elementor-widget-container\">\n\t\t\t\t\t\t\t\t\t\t\t\t\t\t\t\t<a href=\"http:\/\/instagram.com\/bendodistribuidora\/\" target=\"_blank\">\n\t\t\t\t\t\t\t<img decoding=\"async\" width=\"231\" height=\"71\" src=\"https:\/\/agencialiderdigital.dev.br\/projetos\/bendo-abertura\/wp-content\/uploads\/2023\/03\/01-1.jpg\" class=\"attachment-large size-large wp-image-239\" alt=\"\" \/>\t\t\t\t\t\t\t\t<\/a>\n\t\t\t\t\t\t\t\t\t\t\t\t\t\t\t<\/div>\n\t\t\t\t<\/div>\n\t\t\t\t<div class=\"elementor-element elementor-element-bf69c51 elementor-widget elementor-widget-image\" data-id=\"bf69c51\" data-element_type=\"widget\" data-widget_type=\"image.default\">\n\t\t\t\t<div class=\"elementor-widget-container\">\n\t\t\t\t\t\t\t\t\t\t\t\t\t\t\t\t<a href=\"http:\/\/facebook.com\/bendodistribuidora\" target=\"_blank\">\n\t\t\t\t\t\t\t<img decoding=\"async\" width=\"232\" height=\"71\" src=\"https:\/\/agencialiderdigital.dev.br\/projetos\/bendo-abertura\/wp-content\/uploads\/2023\/03\/04.jpg\" class=\"attachment-large size-large wp-image-240\" alt=\"\" \/>\t\t\t\t\t\t\t\t<\/a>\n\t\t\t\t\t\t\t\t\t\t\t\t\t\t\t<\/div>\n\t\t\t\t<\/div>\n\t\t\t\t<\/div>\n\t\t\t\t\t<\/div>\n\t\t\t\t<\/div>\n\t\t\t\t\t\t\t<\/div>\n\t\t","protected":false},"excerpt":{"rendered":"<p>Onde Estamos Siga-nos nas redes sociais<\/p>\n","protected":false},"author":1,"featured_media":0,"parent":0,"menu_order":0,"comment_status":"closed","ping_status":"closed","template":"elementor_header_footer","meta":{"_joinchat":[],"footnotes":""},"class_list":["post-17","page","type-page","status-publish","hentry","wpbf-post"],"yoast_head":"<!-- This site is optimized with the Yoast SEO plugin v20.3 - https:\/\/yoast.com\/wordpress\/plugins\/seo\/ -->\n<title>contato - Bendo Distribuidora<\/title>\n<meta name=\"robots\" content=\"index, follow, max-snippet:-1, max-image-preview:large, max-video-preview:-1\" \/>\n<link rel=\"canonical\" href=\"https:\/\/agencialiderdigital.dev.br\/projetos\/bendo-abertura\/contato\/\" \/>\n<meta property=\"og:locale\" content=\"pt_BR\" \/>\n<meta property=\"og:type\" content=\"article\" \/>\n<meta property=\"og:title\" content=\"contato - Bendo Distribuidora\" \/>\n<meta property=\"og:description\" content=\"Onde Estamos Siga-nos nas redes sociais\" \/>\n<meta property=\"og:url\" content=\"https:\/\/agencialiderdigital.dev.br\/projetos\/bendo-abertura\/contato\/\" \/>\n<meta property=\"og:site_name\" content=\"Bendo Distribuidora\" \/>\n<meta property=\"article:modified_time\" content=\"2023-03-20T20:28:20+00:00\" \/>\n<meta property=\"og:image\" content=\"http:\/\/agencialiderdigital.dev.br\/projetos\/bendo-abertura\/wp-content\/uploads\/2023\/03\/01-1.jpg\" \/>\n<meta name=\"twitter:card\" content=\"summary_large_image\" \/>\n<meta name=\"twitter:label1\" content=\"Est. tempo de leitura\" \/>\n\t<meta name=\"twitter:data1\" content=\"1 minuto\" \/>\n<script type=\"application\/ld+json\" class=\"yoast-schema-graph\">{\"@context\":\"https:\/\/schema.org\",\"@graph\":[{\"@type\":\"WebPage\",\"@id\":\"https:\/\/agencialiderdigital.dev.br\/projetos\/bendo-abertura\/contato\/\",\"url\":\"https:\/\/agencialiderdigital.dev.br\/projetos\/bendo-abertura\/contato\/\",\"name\":\"contato - Bendo Distribuidora\",\"isPartOf\":{\"@id\":\"https:\/\/agencialiderdigital.dev.br\/projetos\/bendo-abertura\/#website\"},\"datePublished\":\"2023-03-16T14:27:28+00:00\",\"dateModified\":\"2023-03-20T20:28:20+00:00\",\"breadcrumb\":{\"@id\":\"https:\/\/agencialiderdigital.dev.br\/projetos\/bendo-abertura\/contato\/#breadcrumb\"},\"inLanguage\":\"pt-BR\",\"potentialAction\":[{\"@type\":\"ReadAction\",\"target\":[\"https:\/\/agencialiderdigital.dev.br\/projetos\/bendo-abertura\/contato\/\"]}]},{\"@type\":\"BreadcrumbList\",\"@id\":\"https:\/\/agencialiderdigital.dev.br\/projetos\/bendo-abertura\/contato\/#breadcrumb\",\"itemListElement\":[{\"@type\":\"ListItem\",\"position\":1,\"name\":\"In\u00edcio\",\"item\":\"https:\/\/agencialiderdigital.dev.br\/projetos\/bendo-abertura\/\"},{\"@type\":\"ListItem\",\"position\":2,\"name\":\"contato\"}]},{\"@type\":\"WebSite\",\"@id\":\"https:\/\/agencialiderdigital.dev.br\/projetos\/bendo-abertura\/#website\",\"url\":\"https:\/\/agencialiderdigital.dev.br\/projetos\/bendo-abertura\/\",\"name\":\"Bendo Distribuidora\",\"description\":\"Bendo Distribuidora\",\"potentialAction\":[{\"@type\":\"SearchAction\",\"target\":{\"@type\":\"EntryPoint\",\"urlTemplate\":\"https:\/\/agencialiderdigital.dev.br\/projetos\/bendo-abertura\/?s={search_term_string}\"},\"query-input\":\"required name=search_term_string\"}],\"inLanguage\":\"pt-BR\"}]}<\/script>\n<!-- \/ Yoast SEO plugin. -->","yoast_head_json":{"title":"contato - Bendo Distribuidora","robots":{"index":"index","follow":"follow","max-snippet":"max-snippet:-1","max-image-preview":"max-image-preview:large","max-video-preview":"max-video-preview:-1"},"canonical":"https:\/\/agencialiderdigital.dev.br\/projetos\/bendo-abertura\/contato\/","og_locale":"pt_BR","og_type":"article","og_title":"contato - Bendo Distribuidora","og_description":"Onde Estamos Siga-nos nas redes sociais","og_url":"https:\/\/agencialiderdigital.dev.br\/projetos\/bendo-abertura\/contato\/","og_site_name":"Bendo Distribuidora","article_modified_time":"2023-03-20T20:28:20+00:00","og_image":[{"url":"http:\/\/agencialiderdigital.dev.br\/projetos\/bendo-abertura\/wp-content\/uploads\/2023\/03\/01-1.jpg"}],"twitter_card":"summary_large_image","twitter_misc":{"Est. tempo de leitura":"1 minuto"},"schema":{"@context":"https:\/\/schema.org","@graph":[{"@type":"WebPage","@id":"https:\/\/agencialiderdigital.dev.br\/projetos\/bendo-abertura\/contato\/","url":"https:\/\/agencialiderdigital.dev.br\/projetos\/bendo-abertura\/contato\/","name":"contato - Bendo Distribuidora","isPartOf":{"@id":"https:\/\/agencialiderdigital.dev.br\/projetos\/bendo-abertura\/#website"},"datePublished":"2023-03-16T14:27:28+00:00","dateModified":"2023-03-20T20:28:20+00:00","breadcrumb":{"@id":"https:\/\/agencialiderdigital.dev.br\/projetos\/bendo-abertura\/contato\/#breadcrumb"},"inLanguage":"pt-BR","potentialAction":[{"@type":"ReadAction","target":["https:\/\/agencialiderdigital.dev.br\/projetos\/bendo-abertura\/contato\/"]}]},{"@type":"BreadcrumbList","@id":"https:\/\/agencialiderdigital.dev.br\/projetos\/bendo-abertura\/contato\/#breadcrumb","itemListElement":[{"@type":"ListItem","position":1,"name":"In\u00edcio","item":"https:\/\/agencialiderdigital.dev.br\/projetos\/bendo-abertura\/"},{"@type":"ListItem","position":2,"name":"contato"}]},{"@type":"WebSite","@id":"https:\/\/agencialiderdigital.dev.br\/projetos\/bendo-abertura\/#website","url":"https:\/\/agencialiderdigital.dev.br\/projetos\/bendo-abertura\/","name":"Bendo Distribuidora","description":"Bendo Distribuidora","potentialAction":[{"@type":"SearchAction","target":{"@type":"EntryPoint","urlTemplate":"https:\/\/agencialiderdigital.dev.br\/projetos\/bendo-abertura\/?s={search_term_string}"},"query-input":"required name=search_term_string"}],"inLanguage":"pt-BR"}]}},"_links":{"self":[{"href":"https:\/\/agencialiderdigital.dev.br\/projetos\/bendo-abertura\/wp-json\/wp\/v2\/pages\/17","targetHints":{"allow":["GET"]}}],"collection":[{"href":"https:\/\/agencialiderdigital.dev.br\/projetos\/bendo-abertura\/wp-json\/wp\/v2\/pages"}],"about":[{"href":"https:\/\/agencialiderdigital.dev.br\/projetos\/bendo-abertura\/wp-json\/wp\/v2\/types\/page"}],"author":[{"embeddable":true,"href":"https:\/\/agencialiderdigital.dev.br\/projetos\/bendo-abertura\/wp-json\/wp\/v2\/users\/1"}],"replies":[{"embeddable":true,"href":"https:\/\/agencialiderdigital.dev.br\/projetos\/bendo-abertura\/wp-json\/wp\/v2\/comments?post=17"}],"version-history":[{"count":52,"href":"https:\/\/agencialiderdigital.dev.br\/projetos\/bendo-abertura\/wp-json\/wp\/v2\/pages\/17\/revisions"}],"predecessor-version":[{"id":675,"href":"https:\/\/agencialiderdigital.dev.br\/projetos\/bendo-abertura\/wp-json\/wp\/v2\/pages\/17\/revisions\/675"}],"wp:attachment":[{"href":"https:\/\/agencialiderdigital.dev.br\/projetos\/bendo-abertura\/wp-json\/wp\/v2\/media?parent=17"}],"curies":[{"name":"wp","href":"https:\/\/api.w.org\/{rel}","templated":true}]}}