{"id":16,"date":"2023-03-16T14:27:21","date_gmt":"2023-03-16T14:27:21","guid":{"rendered":"http:\/\/agencialiderdigital.dev.br\/projetos\/bendo-abertura\/?page_id=16"},"modified":"2023-03-20T17:35:42","modified_gmt":"2023-03-20T17:35:42","slug":"blog","status":"publish","type":"page","link":"https:\/\/agencialiderdigital.dev.br\/projetos\/bendo-abertura\/blog\/","title":{"rendered":"blog"},"content":{"rendered":"\t\t<div data-elementor-type=\"wp-page\" data-elementor-id=\"16\" class=\"elementor elementor-16\">\n\t\t\t\t\t\t\t<div class=\"elementor-element elementor-element-d34455b e-con-boxed e-con\" data-id=\"d34455b\" data-element_type=\"container\" data-settings=\"{&quot;content_width&quot;:&quot;boxed&quot;}\">\n\t\t\t\t\t<div class=\"e-con-inner\">\n\t\t\t\t<div class=\"elementor-element elementor-element-e39e0fb elementor-widget__width-inherit elementor-widget-tablet__width-inherit elementor-widget elementor-widget-heading\" data-id=\"e39e0fb\" data-element_type=\"widget\" data-widget_type=\"heading.default\">\n\t\t\t\t<div class=\"elementor-widget-container\">\n\t\t\t<h2 class=\"elementor-heading-title elementor-size-default\">Blog<\/h2>\t\t<\/div>\n\t\t\t\t<\/div>\n\t\t\t\t<div class=\"elementor-element elementor-element-2f5f4ff elementor-grid-2 elementor-posts--thumbnail-left elementor-grid-tablet-2 elementor-grid-mobile-1 elementor-widget elementor-widget-posts\" data-id=\"2f5f4ff\" data-element_type=\"widget\" data-settings=\"{&quot;classic_columns&quot;:&quot;2&quot;,&quot;pagination_type&quot;:&quot;numbers&quot;,&quot;classic_columns_tablet&quot;:&quot;2&quot;,&quot;classic_columns_mobile&quot;:&quot;1&quot;,&quot;classic_row_gap&quot;:{&quot;unit&quot;:&quot;px&quot;,&quot;size&quot;:35,&quot;sizes&quot;:[]},&quot;classic_row_gap_tablet&quot;:{&quot;unit&quot;:&quot;px&quot;,&quot;size&quot;:&quot;&quot;,&quot;sizes&quot;:[]},&quot;classic_row_gap_mobile&quot;:{&quot;unit&quot;:&quot;px&quot;,&quot;size&quot;:&quot;&quot;,&quot;sizes&quot;:[]}}\" data-widget_type=\"posts.classic\">\n\t\t\t\t<div class=\"elementor-widget-container\">\n\t\t\t\t\t<div class=\"elementor-posts-container elementor-posts elementor-posts--skin-classic elementor-grid\">\n\t\t\t\t<article class=\"elementor-post elementor-grid-item post-118 post type-post status-publish format-standard has-post-thumbnail hentry category-uncategorized wpbf-post\">\n\t\t\t\t<a class=\"elementor-post__thumbnail__link\" href=\"https:\/\/agencialiderdigital.dev.br\/projetos\/bendo-abertura\/este-e-um-titulo-provisorio-e-ficticio-5\/\" >\n\t\t\t<div class=\"elementor-post__thumbnail\"><img decoding=\"async\" width=\"1107\" height=\"356\" src=\"https:\/\/agencialiderdigital.dev.br\/projetos\/bendo-abertura\/wp-content\/uploads\/2023\/03\/sliders-2.jpg\" class=\"attachment-full size-full wp-image-447\" alt=\"\" srcset=\"https:\/\/agencialiderdigital.dev.br\/projetos\/bendo-abertura\/wp-content\/uploads\/2023\/03\/sliders-2.jpg 1107w, https:\/\/agencialiderdigital.dev.br\/projetos\/bendo-abertura\/wp-content\/uploads\/2023\/03\/sliders-2-300x96.jpg 300w, https:\/\/agencialiderdigital.dev.br\/projetos\/bendo-abertura\/wp-content\/uploads\/2023\/03\/sliders-2-1024x329.jpg 1024w, https:\/\/agencialiderdigital.dev.br\/projetos\/bendo-abertura\/wp-content\/uploads\/2023\/03\/sliders-2-768x247.jpg 768w\" sizes=\"(max-width: 1107px) 100vw, 1107px\" \/><\/div>\n\t\t<\/a>\n\t\t\t\t<div class=\"elementor-post__text\">\n\t\t\t\t<h3 class=\"elementor-post__title\">\n\t\t\t<a href=\"https:\/\/agencialiderdigital.dev.br\/projetos\/bendo-abertura\/este-e-um-titulo-provisorio-e-ficticio-5\/\" >\n\t\t\t\tESTE \u00c9 UM T\u00cdTULO PROVIS\u00d3RIO E FICT\u00cdCIO\t\t\t<\/a>\n\t\t<\/h3>\n\t\t\t\t<div class=\"elementor-post__excerpt\">\n\t\t\t<p>Este \u00e9 um texto meramente fict\u00edcio \u2013 que est\u00e1 sendo usado como demonstrativo do local que seus TEXTOS OFICIAIS ficar\u00e3o. <\/p>\n\t\t<\/div>\n\t\t\n\t\t<a class=\"elementor-post__read-more\" href=\"https:\/\/agencialiderdigital.dev.br\/projetos\/bendo-abertura\/este-e-um-titulo-provisorio-e-ficticio-5\/\" aria-label=\"Read more about ESTE \u00c9 UM T\u00cdTULO PROVIS\u00d3RIO E FICT\u00cdCIO\" >\n\t\t\tLeia Mais\t\t<\/a>\n\n\t\t\t\t<\/div>\n\t\t\t\t<\/article>\n\t\t\t\t<article class=\"elementor-post elementor-grid-item post-120 post type-post status-publish format-standard has-post-thumbnail hentry category-uncategorized wpbf-post\">\n\t\t\t\t<a class=\"elementor-post__thumbnail__link\" href=\"https:\/\/agencialiderdigital.dev.br\/projetos\/bendo-abertura\/este-e-um-titulo-provisorio-e-ficticio-2\/\" >\n\t\t\t<div class=\"elementor-post__thumbnail\"><img decoding=\"async\" width=\"1107\" height=\"356\" src=\"https:\/\/agencialiderdigital.dev.br\/projetos\/bendo-abertura\/wp-content\/uploads\/2023\/03\/sliders-2.jpg\" class=\"attachment-full size-full wp-image-447\" alt=\"\" srcset=\"https:\/\/agencialiderdigital.dev.br\/projetos\/bendo-abertura\/wp-content\/uploads\/2023\/03\/sliders-2.jpg 1107w, https:\/\/agencialiderdigital.dev.br\/projetos\/bendo-abertura\/wp-content\/uploads\/2023\/03\/sliders-2-300x96.jpg 300w, https:\/\/agencialiderdigital.dev.br\/projetos\/bendo-abertura\/wp-content\/uploads\/2023\/03\/sliders-2-1024x329.jpg 1024w, https:\/\/agencialiderdigital.dev.br\/projetos\/bendo-abertura\/wp-content\/uploads\/2023\/03\/sliders-2-768x247.jpg 768w\" sizes=\"(max-width: 1107px) 100vw, 1107px\" \/><\/div>\n\t\t<\/a>\n\t\t\t\t<div class=\"elementor-post__text\">\n\t\t\t\t<h3 class=\"elementor-post__title\">\n\t\t\t<a href=\"https:\/\/agencialiderdigital.dev.br\/projetos\/bendo-abertura\/este-e-um-titulo-provisorio-e-ficticio-2\/\" >\n\t\t\t\tESTE \u00c9 UM T\u00cdTULO PROVIS\u00d3RIO E FICT\u00cdCIO\t\t\t<\/a>\n\t\t<\/h3>\n\t\t\t\t<div class=\"elementor-post__excerpt\">\n\t\t\t<p>Este \u00e9 um texto meramente fict\u00edcio \u2013 que est\u00e1 sendo usado como demonstrativo do local que seus TEXTOS OFICIAIS ficar\u00e3o. <\/p>\n\t\t<\/div>\n\t\t\n\t\t<a class=\"elementor-post__read-more\" href=\"https:\/\/agencialiderdigital.dev.br\/projetos\/bendo-abertura\/este-e-um-titulo-provisorio-e-ficticio-2\/\" aria-label=\"Read more about ESTE \u00c9 UM T\u00cdTULO PROVIS\u00d3RIO E FICT\u00cdCIO\" >\n\t\t\tLeia Mais\t\t<\/a>\n\n\t\t\t\t<\/div>\n\t\t\t\t<\/article>\n\t\t\t\t<article class=\"elementor-post elementor-grid-item post-119 post type-post status-publish format-standard has-post-thumbnail hentry category-uncategorized wpbf-post\">\n\t\t\t\t<a class=\"elementor-post__thumbnail__link\" href=\"https:\/\/agencialiderdigital.dev.br\/projetos\/bendo-abertura\/este-e-um-titulo-provisorio-e-ficticio-3\/\" >\n\t\t\t<div class=\"elementor-post__thumbnail\"><img decoding=\"async\" width=\"1107\" height=\"356\" src=\"https:\/\/agencialiderdigital.dev.br\/projetos\/bendo-abertura\/wp-content\/uploads\/2023\/03\/sliders-2.jpg\" class=\"attachment-full size-full wp-image-447\" alt=\"\" srcset=\"https:\/\/agencialiderdigital.dev.br\/projetos\/bendo-abertura\/wp-content\/uploads\/2023\/03\/sliders-2.jpg 1107w, https:\/\/agencialiderdigital.dev.br\/projetos\/bendo-abertura\/wp-content\/uploads\/2023\/03\/sliders-2-300x96.jpg 300w, https:\/\/agencialiderdigital.dev.br\/projetos\/bendo-abertura\/wp-content\/uploads\/2023\/03\/sliders-2-1024x329.jpg 1024w, https:\/\/agencialiderdigital.dev.br\/projetos\/bendo-abertura\/wp-content\/uploads\/2023\/03\/sliders-2-768x247.jpg 768w\" sizes=\"(max-width: 1107px) 100vw, 1107px\" \/><\/div>\n\t\t<\/a>\n\t\t\t\t<div class=\"elementor-post__text\">\n\t\t\t\t<h3 class=\"elementor-post__title\">\n\t\t\t<a href=\"https:\/\/agencialiderdigital.dev.br\/projetos\/bendo-abertura\/este-e-um-titulo-provisorio-e-ficticio-3\/\" >\n\t\t\t\tESTE \u00c9 UM T\u00cdTULO PROVIS\u00d3RIO E FICT\u00cdCIO\t\t\t<\/a>\n\t\t<\/h3>\n\t\t\t\t<div class=\"elementor-post__excerpt\">\n\t\t\t<p>Este \u00e9 um texto meramente fict\u00edcio \u2013 que est\u00e1 sendo usado como demonstrativo do local que seus TEXTOS OFICIAIS ficar\u00e3o. <\/p>\n\t\t<\/div>\n\t\t\n\t\t<a class=\"elementor-post__read-more\" href=\"https:\/\/agencialiderdigital.dev.br\/projetos\/bendo-abertura\/este-e-um-titulo-provisorio-e-ficticio-3\/\" aria-label=\"Read more about ESTE \u00c9 UM T\u00cdTULO PROVIS\u00d3RIO E FICT\u00cdCIO\" >\n\t\t\tLeia Mais\t\t<\/a>\n\n\t\t\t\t<\/div>\n\t\t\t\t<\/article>\n\t\t\t\t<article class=\"elementor-post elementor-grid-item post-117 post type-post status-publish format-standard has-post-thumbnail hentry category-uncategorized wpbf-post\">\n\t\t\t\t<a class=\"elementor-post__thumbnail__link\" href=\"https:\/\/agencialiderdigital.dev.br\/projetos\/bendo-abertura\/este-e-um-titulo-provisorio-e-ficticio-4\/\" >\n\t\t\t<div class=\"elementor-post__thumbnail\"><img decoding=\"async\" width=\"1107\" height=\"356\" src=\"https:\/\/agencialiderdigital.dev.br\/projetos\/bendo-abertura\/wp-content\/uploads\/2023\/03\/sliders-1.jpg\" class=\"attachment-full size-full wp-image-446\" alt=\"\" srcset=\"https:\/\/agencialiderdigital.dev.br\/projetos\/bendo-abertura\/wp-content\/uploads\/2023\/03\/sliders-1.jpg 1107w, https:\/\/agencialiderdigital.dev.br\/projetos\/bendo-abertura\/wp-content\/uploads\/2023\/03\/sliders-1-300x96.jpg 300w, https:\/\/agencialiderdigital.dev.br\/projetos\/bendo-abertura\/wp-content\/uploads\/2023\/03\/sliders-1-1024x329.jpg 1024w, https:\/\/agencialiderdigital.dev.br\/projetos\/bendo-abertura\/wp-content\/uploads\/2023\/03\/sliders-1-768x247.jpg 768w\" sizes=\"(max-width: 1107px) 100vw, 1107px\" \/><\/div>\n\t\t<\/a>\n\t\t\t\t<div class=\"elementor-post__text\">\n\t\t\t\t<h3 class=\"elementor-post__title\">\n\t\t\t<a href=\"https:\/\/agencialiderdigital.dev.br\/projetos\/bendo-abertura\/este-e-um-titulo-provisorio-e-ficticio-4\/\" >\n\t\t\t\tESTE \u00c9 UM T\u00cdTULO PROVIS\u00d3RIO E FICT\u00cdCIO\t\t\t<\/a>\n\t\t<\/h3>\n\t\t\t\t<div class=\"elementor-post__excerpt\">\n\t\t\t<p>Este \u00e9 um texto meramente fict\u00edcio \u2013 que est\u00e1 sendo usado como demonstrativo do local que seus TEXTOS OFICIAIS ficar\u00e3o. <\/p>\n\t\t<\/div>\n\t\t\n\t\t<a class=\"elementor-post__read-more\" href=\"https:\/\/agencialiderdigital.dev.br\/projetos\/bendo-abertura\/este-e-um-titulo-provisorio-e-ficticio-4\/\" aria-label=\"Read more about ESTE \u00c9 UM T\u00cdTULO PROVIS\u00d3RIO E FICT\u00cdCIO\" >\n\t\t\tLeia Mais\t\t<\/a>\n\n\t\t\t\t<\/div>\n\t\t\t\t<\/article>\n\t\t\t\t<article class=\"elementor-post elementor-grid-item post-114 post type-post status-publish format-standard has-post-thumbnail hentry category-uncategorized wpbf-post\">\n\t\t\t\t<a class=\"elementor-post__thumbnail__link\" href=\"https:\/\/agencialiderdigital.dev.br\/projetos\/bendo-abertura\/este-e-um-titulo-provisorio-e-ficticio\/\" >\n\t\t\t<div class=\"elementor-post__thumbnail\"><img decoding=\"async\" width=\"1107\" height=\"328\" src=\"https:\/\/agencialiderdigital.dev.br\/projetos\/bendo-abertura\/wp-content\/uploads\/2023\/03\/banner1.jpg\" class=\"attachment-full size-full wp-image-469\" alt=\"\" srcset=\"https:\/\/agencialiderdigital.dev.br\/projetos\/bendo-abertura\/wp-content\/uploads\/2023\/03\/banner1.jpg 1107w, https:\/\/agencialiderdigital.dev.br\/projetos\/bendo-abertura\/wp-content\/uploads\/2023\/03\/banner1-300x89.jpg 300w, https:\/\/agencialiderdigital.dev.br\/projetos\/bendo-abertura\/wp-content\/uploads\/2023\/03\/banner1-1024x303.jpg 1024w, https:\/\/agencialiderdigital.dev.br\/projetos\/bendo-abertura\/wp-content\/uploads\/2023\/03\/banner1-768x228.jpg 768w\" sizes=\"(max-width: 1107px) 100vw, 1107px\" \/><\/div>\n\t\t<\/a>\n\t\t\t\t<div class=\"elementor-post__text\">\n\t\t\t\t<h3 class=\"elementor-post__title\">\n\t\t\t<a href=\"https:\/\/agencialiderdigital.dev.br\/projetos\/bendo-abertura\/este-e-um-titulo-provisorio-e-ficticio\/\" >\n\t\t\t\tESTE \u00c9 UM T\u00cdTULO PROVIS\u00d3RIO E FICT\u00cdCIO\t\t\t<\/a>\n\t\t<\/h3>\n\t\t\t\t<div class=\"elementor-post__excerpt\">\n\t\t\t<p>Este \u00e9 um texto meramente fict\u00edcio \u2013 que est\u00e1 sendo usado como demonstrativo do local que seus TEXTOS OFICIAIS ficar\u00e3o. <\/p>\n\t\t<\/div>\n\t\t\n\t\t<a class=\"elementor-post__read-more\" href=\"https:\/\/agencialiderdigital.dev.br\/projetos\/bendo-abertura\/este-e-um-titulo-provisorio-e-ficticio\/\" aria-label=\"Read more about ESTE \u00c9 UM T\u00cdTULO PROVIS\u00d3RIO E FICT\u00cdCIO\" >\n\t\t\tLeia Mais\t\t<\/a>\n\n\t\t\t\t<\/div>\n\t\t\t\t<\/article>\n\t\t\t\t<\/div>\n\t\t\n\t\t\t\t<\/div>\n\t\t\t\t<\/div>\n\t\t\t\t<div class=\"elementor-element elementor-element-6bfa707 elementor-widget__width-initial elementor-widget-mobile__width-inherit elementor-widget elementor-widget-video\" data-id=\"6bfa707\" data-element_type=\"widget\" data-settings=\"{&quot;youtube_url&quot;:&quot;https:\\\/\\\/www.youtube.com\\\/watch?v=XHOmBV4js_E&quot;,&quot;video_type&quot;:&quot;youtube&quot;,&quot;controls&quot;:&quot;yes&quot;}\" data-widget_type=\"video.default\">\n\t\t\t\t<div class=\"elementor-widget-container\">\n\t\t\t\t\t<div class=\"elementor-wrapper elementor-open-inline\">\n\t\t\t<div class=\"elementor-video\"><\/div>\t\t<\/div>\n\t\t\t\t<\/div>\n\t\t\t\t<\/div>\n\t\t\t\t<div class=\"elementor-element elementor-element-30a6067 elementor-widget__width-initial elementor-widget-mobile__width-inherit elementor-widget elementor-widget-video\" data-id=\"30a6067\" data-element_type=\"widget\" data-settings=\"{&quot;youtube_url&quot;:&quot;https:\\\/\\\/www.youtube.com\\\/watch?v=XHOmBV4js_E&quot;,&quot;video_type&quot;:&quot;youtube&quot;,&quot;controls&quot;:&quot;yes&quot;}\" data-widget_type=\"video.default\">\n\t\t\t\t<div class=\"elementor-widget-container\">\n\t\t\t\t\t<div class=\"elementor-wrapper elementor-open-inline\">\n\t\t\t<div class=\"elementor-video\"><\/div>\t\t<\/div>\n\t\t\t\t<\/div>\n\t\t\t\t<\/div>\n\t\t\t\t<div class=\"elementor-element elementor-element-ff604c0 elementor-widget__width-initial elementor-widget-mobile__width-inherit elementor-widget elementor-widget-video\" data-id=\"ff604c0\" data-element_type=\"widget\" data-settings=\"{&quot;youtube_url&quot;:&quot;https:\\\/\\\/www.youtube.com\\\/watch?v=XHOmBV4js_E&quot;,&quot;video_type&quot;:&quot;youtube&quot;,&quot;controls&quot;:&quot;yes&quot;}\" data-widget_type=\"video.default\">\n\t\t\t\t<div class=\"elementor-widget-container\">\n\t\t\t\t\t<div class=\"elementor-wrapper elementor-open-inline\">\n\t\t\t<div class=\"elementor-video\"><\/div>\t\t<\/div>\n\t\t\t\t<\/div>\n\t\t\t\t<\/div>\n\t\t\t\t\t<\/div>\n\t\t\t\t<\/div>\n\t\t\t\t\t\t\t<\/div>\n\t\t","protected":false},"excerpt":{"rendered":"<p>Blog https:\/\/www.youtube.com\/watch?v=XHOmBV4js_Ehttps:\/\/www.youtube.com\/watch?v=XHOmBV4js_Ehttps:\/\/www.youtube.com\/watch?v=XHOmBV4js_E<\/p>\n","protected":false},"author":1,"featured_media":0,"parent":0,"menu_order":0,"comment_status":"closed","ping_status":"closed","template":"elementor_header_footer","meta":{"_joinchat":[],"footnotes":""},"class_list":["post-16","page","type-page","status-publish","hentry","wpbf-post"],"yoast_head":"<!-- This site is optimized with the Yoast SEO plugin v20.3 - https:\/\/yoast.com\/wordpress\/plugins\/seo\/ -->\n<title>blog - Bendo Distribuidora<\/title>\n<meta name=\"robots\" content=\"index, follow, max-snippet:-1, max-image-preview:large, max-video-preview:-1\" \/>\n<link rel=\"canonical\" href=\"https:\/\/agencialiderdigital.dev.br\/projetos\/bendo-abertura\/blog\/\" \/>\n<meta property=\"og:locale\" content=\"pt_BR\" \/>\n<meta property=\"og:type\" content=\"article\" \/>\n<meta property=\"og:title\" content=\"blog - Bendo Distribuidora\" \/>\n<meta property=\"og:description\" content=\"Blog https:\/\/www.youtube.com\/watch?v=XHOmBV4js_Ehttps:\/\/www.youtube.com\/watch?v=XHOmBV4js_Ehttps:\/\/www.youtube.com\/watch?v=XHOmBV4js_E\" \/>\n<meta property=\"og:url\" content=\"https:\/\/agencialiderdigital.dev.br\/projetos\/bendo-abertura\/blog\/\" \/>\n<meta property=\"og:site_name\" content=\"Bendo Distribuidora\" \/>\n<meta property=\"article:modified_time\" content=\"2023-03-20T17:35:42+00:00\" \/>\n<meta name=\"twitter:card\" content=\"summary_large_image\" \/>\n<meta name=\"twitter:label1\" content=\"Est. tempo de leitura\" \/>\n\t<meta name=\"twitter:data1\" content=\"1 minuto\" \/>\n<script type=\"application\/ld+json\" class=\"yoast-schema-graph\">{\"@context\":\"https:\/\/schema.org\",\"@graph\":[{\"@type\":\"WebPage\",\"@id\":\"https:\/\/agencialiderdigital.dev.br\/projetos\/bendo-abertura\/blog\/\",\"url\":\"https:\/\/agencialiderdigital.dev.br\/projetos\/bendo-abertura\/blog\/\",\"name\":\"blog - Bendo Distribuidora\",\"isPartOf\":{\"@id\":\"https:\/\/agencialiderdigital.dev.br\/projetos\/bendo-abertura\/#website\"},\"datePublished\":\"2023-03-16T14:27:21+00:00\",\"dateModified\":\"2023-03-20T17:35:42+00:00\",\"breadcrumb\":{\"@id\":\"https:\/\/agencialiderdigital.dev.br\/projetos\/bendo-abertura\/blog\/#breadcrumb\"},\"inLanguage\":\"pt-BR\",\"potentialAction\":[{\"@type\":\"ReadAction\",\"target\":[\"https:\/\/agencialiderdigital.dev.br\/projetos\/bendo-abertura\/blog\/\"]}]},{\"@type\":\"BreadcrumbList\",\"@id\":\"https:\/\/agencialiderdigital.dev.br\/projetos\/bendo-abertura\/blog\/#breadcrumb\",\"itemListElement\":[{\"@type\":\"ListItem\",\"position\":1,\"name\":\"In\u00edcio\",\"item\":\"https:\/\/agencialiderdigital.dev.br\/projetos\/bendo-abertura\/\"},{\"@type\":\"ListItem\",\"position\":2,\"name\":\"blog\"}]},{\"@type\":\"WebSite\",\"@id\":\"https:\/\/agencialiderdigital.dev.br\/projetos\/bendo-abertura\/#website\",\"url\":\"https:\/\/agencialiderdigital.dev.br\/projetos\/bendo-abertura\/\",\"name\":\"Bendo Distribuidora\",\"description\":\"Bendo Distribuidora\",\"potentialAction\":[{\"@type\":\"SearchAction\",\"target\":{\"@type\":\"EntryPoint\",\"urlTemplate\":\"https:\/\/agencialiderdigital.dev.br\/projetos\/bendo-abertura\/?s={search_term_string}\"},\"query-input\":\"required name=search_term_string\"}],\"inLanguage\":\"pt-BR\"}]}<\/script>\n<!-- \/ Yoast SEO plugin. -->","yoast_head_json":{"title":"blog - Bendo Distribuidora","robots":{"index":"index","follow":"follow","max-snippet":"max-snippet:-1","max-image-preview":"max-image-preview:large","max-video-preview":"max-video-preview:-1"},"canonical":"https:\/\/agencialiderdigital.dev.br\/projetos\/bendo-abertura\/blog\/","og_locale":"pt_BR","og_type":"article","og_title":"blog - Bendo Distribuidora","og_description":"Blog https:\/\/www.youtube.com\/watch?v=XHOmBV4js_Ehttps:\/\/www.youtube.com\/watch?v=XHOmBV4js_Ehttps:\/\/www.youtube.com\/watch?v=XHOmBV4js_E","og_url":"https:\/\/agencialiderdigital.dev.br\/projetos\/bendo-abertura\/blog\/","og_site_name":"Bendo Distribuidora","article_modified_time":"2023-03-20T17:35:42+00:00","twitter_card":"summary_large_image","twitter_misc":{"Est. tempo de leitura":"1 minuto"},"schema":{"@context":"https:\/\/schema.org","@graph":[{"@type":"WebPage","@id":"https:\/\/agencialiderdigital.dev.br\/projetos\/bendo-abertura\/blog\/","url":"https:\/\/agencialiderdigital.dev.br\/projetos\/bendo-abertura\/blog\/","name":"blog - Bendo Distribuidora","isPartOf":{"@id":"https:\/\/agencialiderdigital.dev.br\/projetos\/bendo-abertura\/#website"},"datePublished":"2023-03-16T14:27:21+00:00","dateModified":"2023-03-20T17:35:42+00:00","breadcrumb":{"@id":"https:\/\/agencialiderdigital.dev.br\/projetos\/bendo-abertura\/blog\/#breadcrumb"},"inLanguage":"pt-BR","potentialAction":[{"@type":"ReadAction","target":["https:\/\/agencialiderdigital.dev.br\/projetos\/bendo-abertura\/blog\/"]}]},{"@type":"BreadcrumbList","@id":"https:\/\/agencialiderdigital.dev.br\/projetos\/bendo-abertura\/blog\/#breadcrumb","itemListElement":[{"@type":"ListItem","position":1,"name":"In\u00edcio","item":"https:\/\/agencialiderdigital.dev.br\/projetos\/bendo-abertura\/"},{"@type":"ListItem","position":2,"name":"blog"}]},{"@type":"WebSite","@id":"https:\/\/agencialiderdigital.dev.br\/projetos\/bendo-abertura\/#website","url":"https:\/\/agencialiderdigital.dev.br\/projetos\/bendo-abertura\/","name":"Bendo Distribuidora","description":"Bendo Distribuidora","potentialAction":[{"@type":"SearchAction","target":{"@type":"EntryPoint","urlTemplate":"https:\/\/agencialiderdigital.dev.br\/projetos\/bendo-abertura\/?s={search_term_string}"},"query-input":"required name=search_term_string"}],"inLanguage":"pt-BR"}]}},"_links":{"self":[{"href":"https:\/\/agencialiderdigital.dev.br\/projetos\/bendo-abertura\/wp-json\/wp\/v2\/pages\/16","targetHints":{"allow":["GET"]}}],"collection":[{"href":"https:\/\/agencialiderdigital.dev.br\/projetos\/bendo-abertura\/wp-json\/wp\/v2\/pages"}],"about":[{"href":"https:\/\/agencialiderdigital.dev.br\/projetos\/bendo-abertura\/wp-json\/wp\/v2\/types\/page"}],"author":[{"embeddable":true,"href":"https:\/\/agencialiderdigital.dev.br\/projetos\/bendo-abertura\/wp-json\/wp\/v2\/users\/1"}],"replies":[{"embeddable":true,"href":"https:\/\/agencialiderdigital.dev.br\/projetos\/bendo-abertura\/wp-json\/wp\/v2\/comments?post=16"}],"version-history":[{"count":10,"href":"https:\/\/agencialiderdigital.dev.br\/projetos\/bendo-abertura\/wp-json\/wp\/v2\/pages\/16\/revisions"}],"predecessor-version":[{"id":520,"href":"https:\/\/agencialiderdigital.dev.br\/projetos\/bendo-abertura\/wp-json\/wp\/v2\/pages\/16\/revisions\/520"}],"wp:attachment":[{"href":"https:\/\/agencialiderdigital.dev.br\/projetos\/bendo-abertura\/wp-json\/wp\/v2\/media?parent=16"}],"curies":[{"name":"wp","href":"https:\/\/api.w.org\/{rel}","templated":true}]}}